{"id":1430,"date":"2019-01-11T12:07:26","date_gmt":"2019-01-11T11:07:26","guid":{"rendered":"https:\/\/www.herzegovinalodges.com\/about-herzegovina-lodges\/"},"modified":"2020-02-21T09:45:30","modified_gmt":"2020-02-21T08:45:30","slug":"over-herzegovina-lodges","status":"publish","type":"page","link":"https:\/\/www.herzegovinalodges.com\/nl\/over-herzegovina-lodges\/","title":{"rendered":"Over Ons"},"content":{"rendered":"<div class=\"wpb-content-wrapper\"><p>[vc_row full_width=&#8221;stretch_row&#8221; css=&#8221;.vc_custom_1554881070730{background-image: url(https:\/\/www.herzegovinalodges.com\/wp-content\/uploads\/2019\/04\/social.jpg?id=1373) !important;background-position: center !important;background-repeat: no-repeat !important;background-size: cover !important;}&#8221; el_class=&#8221;socials_1&#8243;][vc_column width=&#8221;1\/3&#8243; offset=&#8221;vc_hidden-lg vc_hidden-md vc_hidden-sm&#8221;][\/vc_column][vc_column width=&#8221;1\/3&#8243; offset=&#8221;vc_hidden-lg vc_hidden-md vc_hidden-sm&#8221;]<div class=\"sc_layouts sc_layouts_default sc_layouts_1321  vc_custom_1554880786933\">[vc_row][vc_column width=\"1\/2\"]<div class=\"sc_layouts_item\"><div id=\"sc_layouts_menu_685355935\" class=\"sc_layouts_iconed_text sc_layouts_menu_mobile_button sc_layouts_menu_mobile_button_burger\">\n\t\t<a class=\"sc_layouts_item_link sc_layouts_iconed_text_link\" href=\"#\">\n\t\t\t<span class=\"sc_layouts_item_icon sc_layouts_iconed_text_icon trx_addons_icon-menu\"><\/span>\n\t\t<\/a>\n\t\t<\/div><\/div>[\/vc_column][vc_column width=\"1\/2\"][vc_column_text]<span style=\"color: #fff;\">MENU<\/span>[\/vc_column_text][\/vc_column][\/vc_row]<\/div>[\/vc_column][vc_column width=&#8221;1\/3&#8243; offset=&#8221;vc_hidden-lg vc_hidden-md vc_hidden-sm&#8221;][\/vc_column][\/vc_row][vc_row full_width=&#8221;stretch_row&#8221; css=&#8221;.vc_custom_1552998763662{padding-top: 8.45rem !important;padding-bottom: 3rem !important;background-image: url(https:\/\/www.herzegovinalodges.com\/wp-content\/uploads\/2019\/03\/bg-grunge.jpg?id=1151) !important;background-position: center !important;background-repeat: no-repeat !important;background-size: cover !important;}&#8221; el_class=&#8221;about_1&#8243;][vc_column]<div  id=\"sc_promo_1090647744\" \n\tclass=\"sc_promo sc_promo_default sc_promo_size_small sc_promo_image_position_right\"><div class=\"sc_promo_image\" style=\"background-image:url(https:\/\/www.herzegovinalodges.com\/wp-content\/uploads\/2019\/01\/home-about.jpg);width:50%;right: 0;\"><\/div><div class=\"sc_promo_text\" style=\"width: 50%;float: left;\">\n\t\t\t<div class=\"sc_promo_text_inner\" style=\"\"><h6 class=\"sc_item_subtitle sc_promo_subtitle sc_align_left sc_item_title_style_default\">Wie we zijn<\/h6><h1 class=\"sc_item_title sc_promo_title sc_align_left sc_item_title_style_default sc_item_title_tag\">Puur, Authenthiek, Gastvrij, Rust, Passie<\/h1><div class=\"sc_item_descr sc_promo_descr sc_align_left sc_item_title_style_default\">Herzegovina Lodges is altijd de droom geweest van echtpaar Goga en Elmir. Een droom waar ze lang op hebben moeten wachten sinds hun komst naar Nederland in de jaren 90, maar na twintig jaar eindelijk hebben verwezenlijkt in hun geboorteplaats in Bosni\u00eb. Samen hebben ze een plek gecre\u00eberd waar Nederland en Bosni\u00eb samenkomen en gasten zich echt thuis kunnen voelen.<br \/><br \/>\nEen plek waar u wakker wordt met de geur van versgebakken brood en vogelgezang. Waar u in de ochtend in alle rust kunt mediteren en zwemmen in het meer. En een plek waar u de avond afsluit met het bakken van verse vis op het kampvuur. Goga en Elmir zullen u gastvrij ontvangen, bedienen en boven alles, kennis laten maken met het prachtige Bosni\u00eb en Herzegovina\u2026<\/div><\/div>\n\t\t<\/div><!-- \/.sc_promo_text --><\/div><!-- \/.sc_promo -->[\/vc_column][\/vc_row][vc_row][vc_column width=&#8221;1\/2&#8243;][vc_single_image image=&#8221;2059&#8243; img_size=&#8221;full&#8221;][\/vc_column][vc_column width=&#8221;1\/2&#8243;][vc_empty_space hide_on_mobile=&#8221;&#8221;][vc_column_text]De huizen, in <a href=\"https:\/\/www.herzegovinalodges.com\/nl\/onderdag\/\">totaal 8 appartementen<\/a>, ademen een typisch Bosnische sfeer. Afhankelijk van het type bieden zij plaats aan twee tot zes personen. Vanuit de huisjes kunt u genieten van het prachtige berglandschap en het gletsjer meer. De huisjes liggen verspreid op een heerlijke zonnige berghelling. <a href=\"https:\/\/www.herzegovinalodges.com\/nl\/onderdag\/\">De lodges<\/a> dragen allemaal de naam van een stadje uit de Herzegovina.<\/p>\n<p>Bij het ontwerp van de huizen is rekening gehouden met het uitzicht op de bergen en het gletsjermeer, de eenvoud, de duurzaamheid van de materialen en het comfort in de verschillende ruimtes. Veel licht, mooie uitzichten op de bergen en het water, waren de uitgangspunten bij het ontwerp. Gebruik van duurzame lokale materialen (de meubels zijn ook gemaakt door lokale meubelmakers, deels door hergebruik van restanten) was en is de filosofie achter het hele project. Het interieur: het is eenvoudig, licht, modern met een tintje traditionele architectuur. De lodges zelf beschikken over goede bedden en comfortabele badkamers (zie plattegrond van elke aparte lodge).[\/vc_column_text][\/vc_column][\/vc_row][vc_row el_class=&#8221;testimonials_1&#8243; css=&#8221;.vc_custom_1486199694641{padding-top: 7.2rem !important;padding-bottom: 6.5rem !important;}&#8221;][vc_column width=&#8221;1\/2&#8243;][vc_video link=&#8221;https:\/\/www.youtube.com\/watch?v=ujaqEqwjOaY&#8221;][\/vc_column][vc_column width=&#8221;1\/2&#8243;][vc_video link=&#8221;https:\/\/www.youtube.com\/watch?v=OxO-HMRN6AA&#8221;][\/vc_column][\/vc_row][vc_row el_class=&#8221;testimonials_1&#8243; css=&#8221;.vc_custom_1486199694641{padding-top: 7.2rem !important;padding-bottom: 6.5rem !important;}&#8221;][vc_column]<div class=\"sc_testimonials sc_testimonials_default swiper-slider-container slider_swiper slider_noresize slider_controls slider_controls_side slider_pagination\" data-slides-min-width=\"150\"\t\t>\n\t\t<h6 class=\"sc_item_subtitle sc_testimonials_subtitle sc_align_left sc_item_title_style_default\">Testimonium<\/h6><h3 class=\"sc_item_title sc_testimonials_title sc_align_left sc_item_title_style_default sc_item_title_tag\">De mensen die het beste weten<\/h3><div class=\"sc_testimonials_slider sc_item_slider slides swiper-wrapper\"><div class=\"swiper-slide\"><div class=\"sc_testimonials_item\">\n            <div class=\"sc_testimonials_item_author\">\n        <div class=\"sc_testimonials_item_author_avatar\"><img loading=\"lazy\" decoding=\"async\" width=\"322\" height=\"322\" src=\"https:\/\/www.herzegovinalodges.com\/wp-content\/uploads\/2019\/07\/jeep-2-322x322.jpg\" class=\"attachment-unitravel-thumb-testimonials size-unitravel-thumb-testimonials wp-post-image\" alt=\"Dorine\" srcset=\"https:\/\/www.herzegovinalodges.com\/wp-content\/uploads\/2019\/07\/jeep-2-322x322.jpg 322w, https:\/\/www.herzegovinalodges.com\/wp-content\/uploads\/2019\/07\/jeep-2-150x150.jpg 150w, https:\/\/www.herzegovinalodges.com\/wp-content\/uploads\/2019\/07\/jeep-2-65x65.jpg 65w, https:\/\/www.herzegovinalodges.com\/wp-content\/uploads\/2019\/07\/jeep-2-90x90.jpg 90w, https:\/\/www.herzegovinalodges.com\/wp-content\/uploads\/2019\/07\/jeep-2-360x360.jpg 360w, https:\/\/www.herzegovinalodges.com\/wp-content\/uploads\/2019\/07\/jeep-2-484x484.jpg 484w, https:\/\/www.herzegovinalodges.com\/wp-content\/uploads\/2019\/07\/jeep-2-100x100.jpg 100w, https:\/\/www.herzegovinalodges.com\/wp-content\/uploads\/2019\/07\/jeep-2-370x370.jpg 370w\" sizes=\"auto, (max-width: 322px) 100vw, 322px\" \/><\/div>\n    <\/div>\n        \t<div class=\"sc_testimonials_item_content\"><p><strong>Thuiskomen<\/strong><br \/>\nGoga en Elmir bieden met deze prachtige lodges, maar zeker ook hun gastvrije, humoristische, respectvolle en warme persoonlijkheden een gevoel van &#8217;thuiskomen&#8217;. De prachtige ligging midden in de natuur biedt een perfecte uitvalsbasis om de omgeving te verkennen, waar Goga en Elmir vol passie talloze mogelijkheden voor aanraden.<\/p>\n<\/div>\n\t\t<div class=\"sc_testimonials_item_author_data\">\n\t\t\t<h4 class=\"sc_testimonials_item_author_title\">Dorine<\/h4>\n\t\t\t<div class=\"sc_testimonials_item_author_subtitle\"><\/div>\n\t\t<\/div>\n<\/div>\n<\/div><div class=\"swiper-slide\"><div class=\"sc_testimonials_item\">\n            <div class=\"sc_testimonials_item_author\">\n        <div class=\"sc_testimonials_item_author_avatar\"><img loading=\"lazy\" decoding=\"async\" width=\"322\" height=\"322\" src=\"https:\/\/www.herzegovinalodges.com\/wp-content\/uploads\/2020\/01\/hiking-5-322x322.jpg\" class=\"attachment-unitravel-thumb-testimonials size-unitravel-thumb-testimonials wp-post-image\" alt=\"Jeroen Steenbergen\" srcset=\"https:\/\/www.herzegovinalodges.com\/wp-content\/uploads\/2020\/01\/hiking-5-322x322.jpg 322w, https:\/\/www.herzegovinalodges.com\/wp-content\/uploads\/2020\/01\/hiking-5-150x150.jpg 150w, https:\/\/www.herzegovinalodges.com\/wp-content\/uploads\/2020\/01\/hiking-5-65x65.jpg 65w, https:\/\/www.herzegovinalodges.com\/wp-content\/uploads\/2020\/01\/hiking-5-90x90.jpg 90w, https:\/\/www.herzegovinalodges.com\/wp-content\/uploads\/2020\/01\/hiking-5-360x360.jpg 360w, https:\/\/www.herzegovinalodges.com\/wp-content\/uploads\/2020\/01\/hiking-5-370x370.jpg 370w\" sizes=\"auto, (max-width: 322px) 100vw, 322px\" \/><\/div>\n    <\/div>\n        \t<div class=\"sc_testimonials_item_content\"><p><strong>Fantastisch, super locatie en gastvrij<\/strong><br \/>\nDe locatie is werkelijk fantastisch. De mensen van Herzegovina Lodges zijn ontzettend gastvrij en het eten is super. Rond het meer wat vlakbij ligt kan je heerlijk wandelen. Ik heb ontzettend genoten hier!<br \/>\nEen enorme aanrader!<\/p>\n<\/div>\n\t\t<div class=\"sc_testimonials_item_author_data\">\n\t\t\t<h4 class=\"sc_testimonials_item_author_title\">Jeroen Steenbergen<\/h4>\n\t\t\t<div class=\"sc_testimonials_item_author_subtitle\"><\/div>\n\t\t<\/div>\n<\/div>\n<\/div><div class=\"swiper-slide\"><div class=\"sc_testimonials_item\">\n            <div class=\"sc_testimonials_item_author\">\n        <div class=\"sc_testimonials_item_author_avatar\"><img loading=\"lazy\" decoding=\"async\" width=\"322\" height=\"322\" src=\"https:\/\/www.herzegovinalodges.com\/wp-content\/uploads\/2016\/12\/testimonial-1-322x322.jpg\" class=\"attachment-unitravel-thumb-testimonials size-unitravel-thumb-testimonials wp-post-image\" alt=\"Jullie Arnon Grunberg\" srcset=\"https:\/\/www.herzegovinalodges.com\/wp-content\/uploads\/2016\/12\/testimonial-1-322x322.jpg 322w, https:\/\/www.herzegovinalodges.com\/wp-content\/uploads\/2016\/12\/testimonial-1-150x150.jpg 150w, https:\/\/www.herzegovinalodges.com\/wp-content\/uploads\/2016\/12\/testimonial-1-300x300.jpg 300w, https:\/\/www.herzegovinalodges.com\/wp-content\/uploads\/2016\/12\/testimonial-1-768x768.jpg 768w, https:\/\/www.herzegovinalodges.com\/wp-content\/uploads\/2016\/12\/testimonial-1-65x65.jpg 65w, https:\/\/www.herzegovinalodges.com\/wp-content\/uploads\/2016\/12\/testimonial-1-370x370.jpg 370w, https:\/\/www.herzegovinalodges.com\/wp-content\/uploads\/2016\/12\/testimonial-1-90x90.jpg 90w, https:\/\/www.herzegovinalodges.com\/wp-content\/uploads\/2016\/12\/testimonial-1-360x360.jpg 360w, https:\/\/www.herzegovinalodges.com\/wp-content\/uploads\/2016\/12\/testimonial-1-760x760.jpg 760w, https:\/\/www.herzegovinalodges.com\/wp-content\/uploads\/2016\/12\/testimonial-1-484x484.jpg 484w, https:\/\/www.herzegovinalodges.com\/wp-content\/uploads\/2016\/12\/testimonial-1-100x100.jpg 100w, https:\/\/www.herzegovinalodges.com\/wp-content\/uploads\/2016\/12\/testimonial-1.jpg 900w\" sizes=\"auto, (max-width: 322px) 100vw, 322px\" \/><\/div>\n    <\/div>\n        \t<div class=\"sc_testimonials_item_content\"><p>Mijn verblijf in de Herzegovina Lodges voelde als thuiskomen. Veel dank voor de bijzonder aangename accommodatie, het heerlijke eten, de gezelligheid en de romantiek.<\/p>\n<\/div>\n\t\t<div class=\"sc_testimonials_item_author_data\">\n\t\t\t<h4 class=\"sc_testimonials_item_author_title\">Jullie Arnon Grunberg<\/h4>\n\t\t\t<div class=\"sc_testimonials_item_author_subtitle\"><\/div>\n\t\t<\/div>\n<\/div>\n<\/div><\/div><div class=\"slider_controls_wrap\"><a class=\"slider_prev swiper-button-prev\" href=\"#\"><\/a><a class=\"slider_next swiper-button-next\" href=\"#\"><\/a><\/div><div class=\"slider_pagination_wrap swiper-pagination\"><\/div><\/div><!-- \/.sc_testimonials -->[\/vc_column][\/vc_row]<\/p>\n<\/div>","protected":false},"excerpt":{"rendered":"<p>[vc_row full_width=&#8221;stretch_row&#8221; css=&#8221;.vc_custom_1554881070730{background-image: url(https:\/\/www.herzegovinalodges.com\/wp-content\/uploads\/2019\/04\/social.jpg?id=1373) !important;background-position: center !important;background-repeat: no-repeat !important;background-size: cover !important;}&#8221; el_class=&#8221;socials_1&#8243;][vc_column width=&#8221;1\/3&#8243; offset=&#8221;vc_hidden-lg vc_hidden-md vc_hidden-sm&#8221;][\/vc_column][vc_column width=&#8221;1\/3&#8243; offset=&#8221;vc_hidden-lg vc_hidden-md vc_hidden-sm&#8221;][\/vc_column][vc_column width=&#8221;1\/3&#8243; offset=&#8221;vc_hidden-lg vc_hidden-md vc_hidden-sm&#8221;][\/vc_column][\/vc_row][vc_row full_width=&#8221;stretch_row&#8221; css=&#8221;.vc_custom_1552998763662{padding-top: 8.45rem !important;padding-bottom: 3rem !important;background-image:&hellip;<\/p>\n","protected":false},"author":1,"featured_media":1432,"parent":0,"menu_order":0,"comment_status":"closed","ping_status":"closed","template":"","meta":{"footnotes":""},"class_list":["post-1430","page","type-page","status-publish","has-post-thumbnail","hentry"],"yoast_head":"<!-- This site is optimized with the Yoast SEO plugin v27.0 - https:\/\/yoast.com\/product\/yoast-seo-wordpress\/ -->\n<title>Over Ons - Herzegovina Lodges<\/title>\n<meta name=\"robots\" content=\"index, follow, max-snippet:-1, max-image-preview:large, max-video-preview:-1\" \/>\n<link rel=\"canonical\" href=\"https:\/\/www.herzegovinalodges.com\/nl\/over-herzegovina-lodges\/\" \/>\n<meta property=\"og:locale\" content=\"nl_NL\" \/>\n<meta property=\"og:type\" content=\"article\" \/>\n<meta property=\"og:title\" content=\"Over Ons - Herzegovina Lodges\" \/>\n<meta property=\"og:description\" content=\"[vc_row full_width=&#8221;stretch_row&#8221; css=&#8221;.vc_custom_1554881070730{background-image: url(https:\/\/www.herzegovinalodges.com\/wp-content\/uploads\/2019\/04\/social.jpg?id=1373) !important;background-position: center !important;background-repeat: no-repeat !important;background-size: cover !important;}&#8221; el_class=&#8221;socials_1&#8243;][vc_column width=&#8221;1\/3&#8243; offset=&#8221;vc_hidden-lg vc_hidden-md vc_hidden-sm&#8221;][\/vc_column][vc_column width=&#8221;1\/3&#8243; offset=&#8221;vc_hidden-lg vc_hidden-md vc_hidden-sm&#8221;][\/vc_column][vc_column width=&#8221;1\/3&#8243; offset=&#8221;vc_hidden-lg vc_hidden-md vc_hidden-sm&#8221;][\/vc_column][\/vc_row][vc_row full_width=&#8221;stretch_row&#8221; css=&#8221;.vc_custom_1552998763662{padding-top: 8.45rem !important;padding-bottom: 3rem !important;background-image:&hellip;\" \/>\n<meta property=\"og:url\" content=\"https:\/\/www.herzegovinalodges.com\/nl\/over-herzegovina-lodges\/\" \/>\n<meta property=\"og:site_name\" content=\"Herzegovina Lodges\" \/>\n<meta property=\"article:publisher\" content=\"https:\/\/www.facebook.com\/herzegovinalodges\/\" \/>\n<meta property=\"article:modified_time\" content=\"2020-02-21T08:45:30+00:00\" \/>\n<meta property=\"og:image\" content=\"https:\/\/www.herzegovinalodges.com\/wp-content\/uploads\/2019\/01\/top-resetka.jpg\" \/>\n\t<meta property=\"og:image:width\" content=\"1920\" \/>\n\t<meta property=\"og:image:height\" content=\"543\" \/>\n\t<meta property=\"og:image:type\" content=\"image\/jpeg\" \/>\n<meta name=\"twitter:card\" content=\"summary_large_image\" \/>\n<meta name=\"twitter:label1\" content=\"Geschatte leestijd\" \/>\n\t<meta name=\"twitter:data1\" content=\"3 minuten\" \/>\n<script type=\"application\/ld+json\" class=\"yoast-schema-graph\">{\"@context\":\"https:\/\/schema.org\",\"@graph\":[{\"@type\":\"WebPage\",\"@id\":\"https:\/\/www.herzegovinalodges.com\/nl\/over-herzegovina-lodges\/\",\"url\":\"https:\/\/www.herzegovinalodges.com\/nl\/over-herzegovina-lodges\/\",\"name\":\"Over Ons - Herzegovina Lodges\",\"isPartOf\":{\"@id\":\"https:\/\/www.herzegovinalodges.com\/#website\"},\"primaryImageOfPage\":{\"@id\":\"https:\/\/www.herzegovinalodges.com\/nl\/over-herzegovina-lodges\/#primaryimage\"},\"image\":{\"@id\":\"https:\/\/www.herzegovinalodges.com\/nl\/over-herzegovina-lodges\/#primaryimage\"},\"thumbnailUrl\":\"https:\/\/www.herzegovinalodges.com\/wp-content\/uploads\/2019\/01\/top-resetka.jpg\",\"datePublished\":\"2019-01-11T11:07:26+00:00\",\"dateModified\":\"2020-02-21T08:45:30+00:00\",\"breadcrumb\":{\"@id\":\"https:\/\/www.herzegovinalodges.com\/nl\/over-herzegovina-lodges\/#breadcrumb\"},\"inLanguage\":\"nl-NL\",\"potentialAction\":[{\"@type\":\"ReadAction\",\"target\":[\"https:\/\/www.herzegovinalodges.com\/nl\/over-herzegovina-lodges\/\"]}]},{\"@type\":\"ImageObject\",\"inLanguage\":\"nl-NL\",\"@id\":\"https:\/\/www.herzegovinalodges.com\/nl\/over-herzegovina-lodges\/#primaryimage\",\"url\":\"https:\/\/www.herzegovinalodges.com\/wp-content\/uploads\/2019\/01\/top-resetka.jpg\",\"contentUrl\":\"https:\/\/www.herzegovinalodges.com\/wp-content\/uploads\/2019\/01\/top-resetka.jpg\",\"width\":1920,\"height\":543},{\"@type\":\"BreadcrumbList\",\"@id\":\"https:\/\/www.herzegovinalodges.com\/nl\/over-herzegovina-lodges\/#breadcrumb\",\"itemListElement\":[{\"@type\":\"ListItem\",\"position\":1,\"name\":\"Home\",\"item\":\"https:\/\/www.herzegovinalodges.com\/nl\/\"},{\"@type\":\"ListItem\",\"position\":2,\"name\":\"Over Ons\"}]},{\"@type\":\"WebSite\",\"@id\":\"https:\/\/www.herzegovinalodges.com\/#website\",\"url\":\"https:\/\/www.herzegovinalodges.com\/\",\"name\":\"Herzegovina Lodges\",\"description\":\"Holiday Homes in Bosnia and Herzegovina\",\"potentialAction\":[{\"@type\":\"SearchAction\",\"target\":{\"@type\":\"EntryPoint\",\"urlTemplate\":\"https:\/\/www.herzegovinalodges.com\/?s={search_term_string}\"},\"query-input\":{\"@type\":\"PropertyValueSpecification\",\"valueRequired\":true,\"valueName\":\"search_term_string\"}}],\"inLanguage\":\"nl-NL\"}]}<\/script>\n<!-- \/ Yoast SEO plugin. -->","yoast_head_json":{"title":"Over Ons - Herzegovina Lodges","robots":{"index":"index","follow":"follow","max-snippet":"max-snippet:-1","max-image-preview":"max-image-preview:large","max-video-preview":"max-video-preview:-1"},"canonical":"https:\/\/www.herzegovinalodges.com\/nl\/over-herzegovina-lodges\/","og_locale":"nl_NL","og_type":"article","og_title":"Over Ons - Herzegovina Lodges","og_description":"[vc_row full_width=&#8221;stretch_row&#8221; css=&#8221;.vc_custom_1554881070730{background-image: url(https:\/\/www.herzegovinalodges.com\/wp-content\/uploads\/2019\/04\/social.jpg?id=1373) !important;background-position: center !important;background-repeat: no-repeat !important;background-size: cover !important;}&#8221; el_class=&#8221;socials_1&#8243;][vc_column width=&#8221;1\/3&#8243; offset=&#8221;vc_hidden-lg vc_hidden-md vc_hidden-sm&#8221;][\/vc_column][vc_column width=&#8221;1\/3&#8243; offset=&#8221;vc_hidden-lg vc_hidden-md vc_hidden-sm&#8221;][\/vc_column][vc_column width=&#8221;1\/3&#8243; offset=&#8221;vc_hidden-lg vc_hidden-md vc_hidden-sm&#8221;][\/vc_column][\/vc_row][vc_row full_width=&#8221;stretch_row&#8221; css=&#8221;.vc_custom_1552998763662{padding-top: 8.45rem !important;padding-bottom: 3rem !important;background-image:&hellip;","og_url":"https:\/\/www.herzegovinalodges.com\/nl\/over-herzegovina-lodges\/","og_site_name":"Herzegovina Lodges","article_publisher":"https:\/\/www.facebook.com\/herzegovinalodges\/","article_modified_time":"2020-02-21T08:45:30+00:00","og_image":[{"width":1920,"height":543,"url":"https:\/\/www.herzegovinalodges.com\/wp-content\/uploads\/2019\/01\/top-resetka.jpg","type":"image\/jpeg"}],"twitter_card":"summary_large_image","twitter_misc":{"Geschatte leestijd":"3 minuten"},"schema":{"@context":"https:\/\/schema.org","@graph":[{"@type":"WebPage","@id":"https:\/\/www.herzegovinalodges.com\/nl\/over-herzegovina-lodges\/","url":"https:\/\/www.herzegovinalodges.com\/nl\/over-herzegovina-lodges\/","name":"Over Ons - Herzegovina Lodges","isPartOf":{"@id":"https:\/\/www.herzegovinalodges.com\/#website"},"primaryImageOfPage":{"@id":"https:\/\/www.herzegovinalodges.com\/nl\/over-herzegovina-lodges\/#primaryimage"},"image":{"@id":"https:\/\/www.herzegovinalodges.com\/nl\/over-herzegovina-lodges\/#primaryimage"},"thumbnailUrl":"https:\/\/www.herzegovinalodges.com\/wp-content\/uploads\/2019\/01\/top-resetka.jpg","datePublished":"2019-01-11T11:07:26+00:00","dateModified":"2020-02-21T08:45:30+00:00","breadcrumb":{"@id":"https:\/\/www.herzegovinalodges.com\/nl\/over-herzegovina-lodges\/#breadcrumb"},"inLanguage":"nl-NL","potentialAction":[{"@type":"ReadAction","target":["https:\/\/www.herzegovinalodges.com\/nl\/over-herzegovina-lodges\/"]}]},{"@type":"ImageObject","inLanguage":"nl-NL","@id":"https:\/\/www.herzegovinalodges.com\/nl\/over-herzegovina-lodges\/#primaryimage","url":"https:\/\/www.herzegovinalodges.com\/wp-content\/uploads\/2019\/01\/top-resetka.jpg","contentUrl":"https:\/\/www.herzegovinalodges.com\/wp-content\/uploads\/2019\/01\/top-resetka.jpg","width":1920,"height":543},{"@type":"BreadcrumbList","@id":"https:\/\/www.herzegovinalodges.com\/nl\/over-herzegovina-lodges\/#breadcrumb","itemListElement":[{"@type":"ListItem","position":1,"name":"Home","item":"https:\/\/www.herzegovinalodges.com\/nl\/"},{"@type":"ListItem","position":2,"name":"Over Ons"}]},{"@type":"WebSite","@id":"https:\/\/www.herzegovinalodges.com\/#website","url":"https:\/\/www.herzegovinalodges.com\/","name":"Herzegovina Lodges","description":"Holiday Homes in Bosnia and Herzegovina","potentialAction":[{"@type":"SearchAction","target":{"@type":"EntryPoint","urlTemplate":"https:\/\/www.herzegovinalodges.com\/?s={search_term_string}"},"query-input":{"@type":"PropertyValueSpecification","valueRequired":true,"valueName":"search_term_string"}}],"inLanguage":"nl-NL"}]}},"_links":{"self":[{"href":"https:\/\/www.herzegovinalodges.com\/nl\/wp-json\/wp\/v2\/pages\/1430","targetHints":{"allow":["GET"]}}],"collection":[{"href":"https:\/\/www.herzegovinalodges.com\/nl\/wp-json\/wp\/v2\/pages"}],"about":[{"href":"https:\/\/www.herzegovinalodges.com\/nl\/wp-json\/wp\/v2\/types\/page"}],"author":[{"embeddable":true,"href":"https:\/\/www.herzegovinalodges.com\/nl\/wp-json\/wp\/v2\/users\/1"}],"replies":[{"embeddable":true,"href":"https:\/\/www.herzegovinalodges.com\/nl\/wp-json\/wp\/v2\/comments?post=1430"}],"version-history":[{"count":8,"href":"https:\/\/www.herzegovinalodges.com\/nl\/wp-json\/wp\/v2\/pages\/1430\/revisions"}],"predecessor-version":[{"id":2809,"href":"https:\/\/www.herzegovinalodges.com\/nl\/wp-json\/wp\/v2\/pages\/1430\/revisions\/2809"}],"wp:featuredmedia":[{"embeddable":true,"href":"https:\/\/www.herzegovinalodges.com\/nl\/wp-json\/wp\/v2\/media\/1432"}],"wp:attachment":[{"href":"https:\/\/www.herzegovinalodges.com\/nl\/wp-json\/wp\/v2\/media?parent=1430"}],"curies":[{"name":"wp","href":"https:\/\/api.w.org\/{rel}","templated":true}]}}